{"id":12,"date":"2015-07-16T19:28:18","date_gmt":"2015-07-16T17:28:18","guid":{"rendered":"http:\/\/grootec.de\/impressum\/"},"modified":"2021-02-26T20:35:02","modified_gmt":"2021-02-26T19:35:02","slug":"impressum","status":"publish","type":"page","link":"https:\/\/grootec.de\/eng\/impressum\/","title":{"rendered":"Impressum"},"content":{"rendered":"<p>[one_third last=&#8221;no&#8221;]<\/p>\n<h2>Angaben gem\u00e4\u00df \u00a7 5 TMG:<\/h2>\n<p>GROOTEC GmbH<br \/>\nAlkersleber Weg 151<br \/>\n99334 Kirchheim<br \/>\nDeutschland<\/p>\n<p>[\/one_third]<\/p>\n<p>[one_third last=&#8221;no&#8221;]<\/p>\n<h2>Vertreten durch:<\/h2>\n<p>Jeroen Groot, Gesch\u00e4ftsf\u00fchrung<\/p>\n<h2>Kontakt:<\/h2>\n<p>Telefon: 0049-(0)36200 &#8211; 6898 &#8211; 0<br \/>\nTelefax: 0049-(0)36200 &#8211; 6898 &#8211; 20<br \/>\nE-Mail: mail@grootec.de<\/p>\n<p>[\/one_third]<\/p>\n<p>[one_third last=&#8221;yes&#8221;]<\/p>\n<h2>Registereintrag:<\/h2>\n<p>Eintragung im Handelsregister.<br \/>\nRegistergericht: Amtsgericht Jena<br \/>\nRegisternummer: HRB 501108<\/p>\n<h2>Umsatzsteuer-ID:<\/h2>\n<p>DE 252 492 743<\/p>\n<p>[\/one_third]<\/p>\n<h2>Haftungsausschluss<\/h2>\n<h4>Haftung f\u00fcr Inhalte<\/h4>\n<p>Die Inhalte unserer Seiten wurden mit gr\u00f6\u00dfter Sorgfalt erstellt. F\u00fcr die Richtigkeit, Vollst\u00e4ndigkeit und Aktualit\u00e4t der Inhalte k\u00f6nnen wir jedoch keine Gew\u00e4hr \u00fcbernehmen. Als Diensteanbieter sind wir gem\u00e4\u00df \u00a7 7 Abs.1 TMG f\u00fcr eigene Inhalte auf diesen Seiten nach den allgemeinen Gesetzen verantwortlich. Nach \u00a7\u00a7 8 bis 10 TMG sind wir als Diensteanbieter jedoch nicht verpflichtet, \u00fcbermittelte oder gespeicherte fremde Informationen zu \u00fcberwachen oder nach Umst\u00e4nden zu forschen, die auf eine rechtswidrige T\u00e4tigkeit hinweisen. Verpflichtungen zur Entfernung oder Sperrung der Nutzung von Informationen nach den allgemeinen Gesetzen bleiben hiervon unber\u00fchrt. Eine diesbez\u00fcgliche Haftung ist jedoch erst ab dem Zeitpunkt der Kenntnis einer konkreten Rechtsverletzung m\u00f6glich. Bei Bekanntwerden von entsprechenden Rechtsverletzungen werden wir diese Inhalte umgehend entfernen.<\/p>\n<h4>Haftung f\u00fcr Links<\/h4>\n<p>Unser Angebot enth\u00e4lt Links zu externen Webseiten Dritter, auf deren Inhalte wir keinen Einfluss haben. Deshalb k\u00f6nnen wir f\u00fcr diese fremden Inhalte auch keine Gew\u00e4hr \u00fcbernehmen. F\u00fcr die Inhalte der verlinkten Seiten ist stets der jeweilige Anbieter oder Betreiber der Seiten verantwortlich. Die verlinkten Seiten wurden zum Zeitpunkt der Verlinkung auf m\u00f6gliche Rechtsverst\u00f6\u00dfe \u00fcberpr\u00fcft. Rechtswidrige Inhalte waren zum Zeitpunkt der Verlinkung nicht erkennbar. Eine permanente inhaltliche Kontrolle der verlinkten Seiten ist jedoch ohne konkrete Anhaltspunkte einer Rechtsverletzung nicht zumutbar. Bei Bekanntwerden von Rechtsverletzungen werden wir derartige Links umgehend entfernen.<\/p>\n<h2>Urheberrecht<\/h2>\n<p>Die durch die Seitenbetreiber, die\u00a0<a href=\"https:\/\/www.ihre-ideenfabrik.de\">Ideenfabrik GmbH<\/a>\u00a0und\u00a0<a href=\"http:\/\/www.martin-management.de\" target=\"_blank\" rel=\"noopener\">Martin. Marketing Management<\/a>\u00a0erstellten Inhalte und Werke auf diesen Seiten unterliegen dem deutschen Urheberrecht. Die Vervielf\u00e4ltigung, Bearbeitung, Verbreitung und jede Art der Verwertung au\u00dferhalb der Grenzen des Urheberrechtes bed\u00fcrfen der schriftlichen Zustimmung des jeweiligen Autors bzw. Erstellers. Downloads und Kopien dieser Seite sind nur f\u00fcr den privaten, nicht kommerziellen Gebrauch gestattet. Soweit die Inhalte auf dieser Seite nicht vom Betreiber erstellt wurden, werden die Urheberrechte Dritter beachtet. Insbesondere werden Inhalte Dritter als solche gekennzeichnet. Sollten Sie trotzdem auf eine Urheberrechtsverletzung aufmerksam werden, bitten wir um einen entsprechenden Hinweis. Bei Bekanntwerden von Rechtsverletzungen werden wir derartige Inhalte umgehend entfernen.<\/p>\n","protected":false},"excerpt":{"rendered":"<p>[one_third last=&#8221;no&#8221;] Angaben gem\u00e4\u00df \u00a7 5 TMG: GROOTEC GmbH Alkersleber Weg 151 99334 Kirchheim Deutschland [\/one_third] [one_third last=&#8221;no&#8221;] Vertreten durch: Jeroen Groot, Gesch\u00e4ftsf\u00fchrung Kontakt: Telefon: 0049-(0)36200 &#8211; 6898 &#8211; 0 Telefax: 0049-(0)36200 &#8211; 6898 &#8211; 20 E-Mail: mail@grootec.de [\/one_third] [one_third last=&#8221;yes&#8221;] Registereintrag: Eintragung im Handelsregister. Registergericht: Amtsgericht Jena Registernummer: HRB 501108 Umsatzsteuer-ID: DE 252 492 [&hellip;]<\/p>\n","protected":false},"author":1,"featured_media":0,"parent":0,"menu_order":6,"comment_status":"closed","ping_status":"open","template":"","meta":{"footnotes":""},"class_list":["post-12","page","type-page","status-publish","hentry"],"yoast_head":"<!-- This site is optimized with the Yoast SEO plugin v27.0 - https:\/\/yoast.com\/product\/yoast-seo-wordpress\/ -->\n<title>Impressum - Grootec GmbH - English<\/title>\n<meta name=\"robots\" content=\"index, follow, max-snippet:-1, max-image-preview:large, max-video-preview:-1\" \/>\n<link rel=\"canonical\" href=\"https:\/\/grootec.de\/eng\/over-grootec__trashed\/impressum\/\" \/>\n<meta property=\"og:locale\" content=\"en_US\" \/>\n<meta property=\"og:type\" content=\"article\" \/>\n<meta property=\"og:title\" content=\"Impressum - Grootec GmbH - English\" \/>\n<meta property=\"og:description\" content=\"[one_third last=&#8221;no&#8221;] Angaben gem\u00e4\u00df \u00a7 5 TMG: GROOTEC GmbH Alkersleber Weg 151 99334 Kirchheim Deutschland [\/one_third] [one_third last=&#8221;no&#8221;] Vertreten durch: Jeroen Groot, Gesch\u00e4ftsf\u00fchrung Kontakt: Telefon: 0049-(0)36200 &#8211; 6898 &#8211; 0 Telefax: 0049-(0)36200 &#8211; 6898 &#8211; 20 E-Mail: mail@grootec.de [\/one_third] [one_third last=&#8221;yes&#8221;] Registereintrag: Eintragung im Handelsregister. Registergericht: Amtsgericht Jena Registernummer: HRB 501108 Umsatzsteuer-ID: DE 252 492 [&hellip;]\" \/>\n<meta property=\"og:url\" content=\"https:\/\/grootec.de\/eng\/over-grootec__trashed\/impressum\/\" \/>\n<meta property=\"og:site_name\" content=\"Grootec GmbH - English\" \/>\n<meta property=\"article:modified_time\" content=\"2021-02-26T19:35:02+00:00\" \/>\n<meta name=\"twitter:card\" content=\"summary_large_image\" \/>\n<meta name=\"twitter:label1\" content=\"Est. reading time\" \/>\n\t<meta name=\"twitter:data1\" content=\"2 minutes\" \/>\n<script type=\"application\/ld+json\" class=\"yoast-schema-graph\">{\"@context\":\"https:\/\/schema.org\",\"@graph\":[{\"@type\":\"WebPage\",\"@id\":\"https:\/\/grootec.de\/eng\/over-grootec__trashed\/impressum\/\",\"url\":\"https:\/\/grootec.de\/eng\/over-grootec__trashed\/impressum\/\",\"name\":\"Impressum - Grootec GmbH - English\",\"isPartOf\":{\"@id\":\"https:\/\/grootec.de\/eng\/#website\"},\"datePublished\":\"2015-07-16T17:28:18+00:00\",\"dateModified\":\"2021-02-26T19:35:02+00:00\",\"breadcrumb\":{\"@id\":\"https:\/\/grootec.de\/eng\/over-grootec__trashed\/impressum\/#breadcrumb\"},\"inLanguage\":\"en-US\",\"potentialAction\":[{\"@type\":\"ReadAction\",\"target\":[\"https:\/\/grootec.de\/eng\/over-grootec__trashed\/impressum\/\"]}]},{\"@type\":\"BreadcrumbList\",\"@id\":\"https:\/\/grootec.de\/eng\/over-grootec__trashed\/impressum\/#breadcrumb\",\"itemListElement\":[{\"@type\":\"ListItem\",\"position\":1,\"name\":\"Home\",\"item\":\"https:\/\/grootec.de\/eng\/\"},{\"@type\":\"ListItem\",\"position\":2,\"name\":\"Impressum\"}]},{\"@type\":\"WebSite\",\"@id\":\"https:\/\/grootec.de\/eng\/#website\",\"url\":\"https:\/\/grootec.de\/eng\/\",\"name\":\"Grootec GmbH - English\",\"description\":\"\",\"potentialAction\":[{\"@type\":\"SearchAction\",\"target\":{\"@type\":\"EntryPoint\",\"urlTemplate\":\"https:\/\/grootec.de\/eng\/?s={search_term_string}\"},\"query-input\":{\"@type\":\"PropertyValueSpecification\",\"valueRequired\":true,\"valueName\":\"search_term_string\"}}],\"inLanguage\":\"en-US\"}]}<\/script>\n<!-- \/ Yoast SEO plugin. -->","yoast_head_json":{"title":"Impressum - Grootec GmbH - English","robots":{"index":"index","follow":"follow","max-snippet":"max-snippet:-1","max-image-preview":"max-image-preview:large","max-video-preview":"max-video-preview:-1"},"canonical":"https:\/\/grootec.de\/eng\/over-grootec__trashed\/impressum\/","og_locale":"en_US","og_type":"article","og_title":"Impressum - Grootec GmbH - English","og_description":"[one_third last=&#8221;no&#8221;] Angaben gem\u00e4\u00df \u00a7 5 TMG: GROOTEC GmbH Alkersleber Weg 151 99334 Kirchheim Deutschland [\/one_third] [one_third last=&#8221;no&#8221;] Vertreten durch: Jeroen Groot, Gesch\u00e4ftsf\u00fchrung Kontakt: Telefon: 0049-(0)36200 &#8211; 6898 &#8211; 0 Telefax: 0049-(0)36200 &#8211; 6898 &#8211; 20 E-Mail: mail@grootec.de [\/one_third] [one_third last=&#8221;yes&#8221;] Registereintrag: Eintragung im Handelsregister. Registergericht: Amtsgericht Jena Registernummer: HRB 501108 Umsatzsteuer-ID: DE 252 492 [&hellip;]","og_url":"https:\/\/grootec.de\/eng\/over-grootec__trashed\/impressum\/","og_site_name":"Grootec GmbH - English","article_modified_time":"2021-02-26T19:35:02+00:00","twitter_card":"summary_large_image","twitter_misc":{"Est. reading time":"2 minutes"},"schema":{"@context":"https:\/\/schema.org","@graph":[{"@type":"WebPage","@id":"https:\/\/grootec.de\/eng\/over-grootec__trashed\/impressum\/","url":"https:\/\/grootec.de\/eng\/over-grootec__trashed\/impressum\/","name":"Impressum - Grootec GmbH - English","isPartOf":{"@id":"https:\/\/grootec.de\/eng\/#website"},"datePublished":"2015-07-16T17:28:18+00:00","dateModified":"2021-02-26T19:35:02+00:00","breadcrumb":{"@id":"https:\/\/grootec.de\/eng\/over-grootec__trashed\/impressum\/#breadcrumb"},"inLanguage":"en-US","potentialAction":[{"@type":"ReadAction","target":["https:\/\/grootec.de\/eng\/over-grootec__trashed\/impressum\/"]}]},{"@type":"BreadcrumbList","@id":"https:\/\/grootec.de\/eng\/over-grootec__trashed\/impressum\/#breadcrumb","itemListElement":[{"@type":"ListItem","position":1,"name":"Home","item":"https:\/\/grootec.de\/eng\/"},{"@type":"ListItem","position":2,"name":"Impressum"}]},{"@type":"WebSite","@id":"https:\/\/grootec.de\/eng\/#website","url":"https:\/\/grootec.de\/eng\/","name":"Grootec GmbH - English","description":"","potentialAction":[{"@type":"SearchAction","target":{"@type":"EntryPoint","urlTemplate":"https:\/\/grootec.de\/eng\/?s={search_term_string}"},"query-input":{"@type":"PropertyValueSpecification","valueRequired":true,"valueName":"search_term_string"}}],"inLanguage":"en-US"}]}},"_links":{"self":[{"href":"https:\/\/grootec.de\/eng\/wp-json\/wp\/v2\/pages\/12","targetHints":{"allow":["GET"]}}],"collection":[{"href":"https:\/\/grootec.de\/eng\/wp-json\/wp\/v2\/pages"}],"about":[{"href":"https:\/\/grootec.de\/eng\/wp-json\/wp\/v2\/types\/page"}],"author":[{"embeddable":true,"href":"https:\/\/grootec.de\/eng\/wp-json\/wp\/v2\/users\/1"}],"replies":[{"embeddable":true,"href":"https:\/\/grootec.de\/eng\/wp-json\/wp\/v2\/comments?post=12"}],"version-history":[{"count":4,"href":"https:\/\/grootec.de\/eng\/wp-json\/wp\/v2\/pages\/12\/revisions"}],"predecessor-version":[{"id":388,"href":"https:\/\/grootec.de\/eng\/wp-json\/wp\/v2\/pages\/12\/revisions\/388"}],"wp:attachment":[{"href":"https:\/\/grootec.de\/eng\/wp-json\/wp\/v2\/media?parent=12"}],"curies":[{"name":"wp","href":"https:\/\/api.w.org\/{rel}","templated":true}]}}